{"id":6,"date":"2024-01-10T16:27:38","date_gmt":"2024-01-10T15:27:38","guid":{"rendered":"http:\/\/karniszekrakow.pl\/?page_id=6"},"modified":"2026-02-21T04:19:03","modified_gmt":"2026-02-21T03:19:03","slug":"karnisze-elektryczne-krakow-2","status":"publish","type":"page","link":"https:\/\/karniszekrakow.pl\/","title":{"rendered":"Strona g\u0142\u00f3wna"},"content":{"rendered":"\n<div class=\"wp-block-cover alignfull is-light\" style=\"min-height:100vh;aspect-ratio:unset;\"><video class=\"wp-block-cover__video-background intrinsic-ignore\" autoplay muted loop playsinline src=\"https:\/\/karniszekrakow.pl\/wp-content\/uploads\/2024\/01\/karnisze-elektryczne-krakow.mp4\" data-object-fit=\"cover\"><\/video><span aria-hidden=\"true\" class=\"wp-block-cover__background has-background-dim-40 has-background-dim\" style=\"background-color:#000000\"><\/span><div class=\"wp-block-cover__inner-container is-layout-flow wp-block-cover-is-layout-flow\">\n<h1 class=\"wp-block-heading alignwide has-white-color has-text-color\" style=\"padding-top:var(--wp--preset--spacing--80);padding-bottom:var(--wp--preset--spacing--80);font-size:25px;line-height:1.2\">Karnisze elektryczne Krak\u00f3w<\/h1>\n\n\n\n<p class=\"has-theme-palette-9-color has-text-color has-link-color wp-elements-36e115131be7c20e470c3b3829a94784\" style=\"font-size:19px\">Karnisze elektryczne w Krakowie oferujemy wysokiej jako\u015bci karnisze automatyczne elektryczne lub bateryjne. Nasza oferta obejmuje markowe karnisze z n p\u0119dem Torro, Somfy, Forest i Flexi MC9 Tuya. Dost\u0119pne s\u0105 zar\u00f3wno wersje elektryczne, jak i bateryjne. Nasze karnisze s\u0105 wykonane na wymiar, dost\u0119pne w r\u00f3\u017cnych opcjach, takich jak wave, flex, jednostronne, dwustronne (kurtyna). Karnisze elektryczne pozwalaj\u0105 na \u0142atwe sterowanie za pomoc\u0105 pilota, system\u00f3w smart home (Tuya, Grenton, Knx) oraz poprzez sie\u0107 WiFi za pomoc\u0105 dedykowanej aplikacji na telefonie.<\/p>\n\n\n\n<p class=\"has-theme-palette-9-color has-text-color has-link-color wp-elements-8cc745aab53863cd6b00a1ce1d01c347\" style=\"font-size:19px\">Specjalnie polecamy nasz regulowany karnisz elektryczny Flexi MC9 Tuya, kt\u00f3ry mo\u017cna dostosowa\u0107 do ka\u017cdego okna o szeroko\u015bci od 2,2 do 4 metr\u00f3w. Gwarantujemy \u0142atw\u0105 obs\u0142ug\u0119 i wygod\u0119 dzi\u0119ki mo\u017cliwo\u015bci sterowania pilotem lub za pomoc\u0105 aplikacji na telefonie. Zam\u00f3wienia mo\u017cna sk\u0142ada\u0107 online, a oferujemy r\u00f3wnie\u017c dostaw\u0119 i monta\u017c karniszy w Krakowie. Dzi\u0119ki naszym produktom Twoje zas\u0142ony i firanki stan\u0105 si\u0119 nie tylko eleganckie, ale r\u00f3wnie\u017c \u0142atwe w obs\u0142udze, dzi\u0119ki nowoczesnym rozwi\u0105zaniom technologicznym.<\/p>\n\n\n\n<div class=\"wp-block-buttons is-layout-flex wp-block-buttons-is-layout-flex\">\n<div class=\"wp-block-button is-style-fill\"><a class=\"wp-block-button__link has-text-color has-background wp-element-button\" href=\"tel:+48667057777\" style=\"color:#000000;background-color:#00000057\">Wyceny +48 667 057 777<\/a><\/div>\n\n\n\n<div class=\"wp-block-button is-style-fill\"><a class=\"wp-block-button__link has-text-color has-background wp-element-button\" href=\"mailto:kontakt@karniszekrakow.pl\" style=\"color:#000000;background-color:#00000057\">kontakt@karniszekrakow.pl<\/a><\/div>\n\n\n\n<div class=\"wp-block-button is-style-fill\"><a class=\"wp-block-button__link has-text-color has-background wp-element-button\" href=\"https:\/\/okarnisze.pl\" title=\"Zam\u00f3w karnisze elektryczne w sklepie internetowym\" style=\"color:#000000;background-color:#00000057\">Karnisze sklep online<\/a><\/div>\n<\/div>\n<\/div><\/div>\n\n\n\n<div class=\"wp-block-cover alignfull is-light has-parallax\" style=\"min-height:820px;aspect-ratio:unset;\"><div class=\"wp-block-cover__image-background wp-image-31 has-parallax\" style=\"background-position:50% 50%;background-image:url(https:\/\/karniszekrakow.pl\/wp-content\/uploads\/2024\/01\/cdcd-kopia.webp)\"><\/div><span aria-hidden=\"true\" class=\"wp-block-cover__background has-background-dim-40 has-background-dim\" style=\"background-color:#000000\"><\/span><div class=\"wp-block-cover__inner-container is-layout-flow wp-block-cover-is-layout-flow\">\n<h2 class=\"wp-block-heading alignwide has-white-color has-text-color\" style=\"font-size:25px;line-height:1.2\">Karnisze elektryczne Torro<\/h2>\n\n\n\n<p class=\"has-theme-palette-9-color has-text-color has-link-color wp-elements-a09b906e497b61694e2296c66fa7e32a\" style=\"font-size:19px\">Oferujemy <a title=\"Ciche karnisze elektryczne Warszawa\" href=\"https:\/\/karnisze-warszawa.pl\">karnisze elektryczne<\/a> Torro z nowoczesnym nap\u0119dem elektrycznym lub bateryjnym, dostosowane do Twoich indywidualnych potrzeb. Nasze produkty s\u0105 wykonywane na zam\u00f3wienie, umo\u017cliwiaj\u0105c dostosowanie d\u0142ugo\u015bci nawet do 12 metr\u00f3w. W naszej ofercie posiadamy r\u00f3\u017cne rodzaje nap\u0119d\u00f3w, aby idealnie spe\u0142ni\u0107 Twoje oczekiwania. Dost\u0119pne s\u0105 nap\u0119dy radiowe, kt\u00f3re umo\u017cliwiaj\u0105 sterowanie za pomoc\u0105 pilota, oraz nap\u0119dy fazowe, kt\u00f3re mo\u017cna integrowa\u0107 z systemami smart home. Nasze karnisze mo\u017cna \u0142atwo sterowa\u0107 zdalnie za pomoc\u0105 dedykowanej aplikacji na telefonie, korzystaj\u0105c z sieci WiFi lub poprzez zintegrowane systemy automatyzacji domowej.<\/p>\n\n\n\n<p class=\"has-theme-palette-9-color has-text-color has-link-color wp-elements-b6b0465386e0a67b0843483ff185e83d\" style=\"font-size:19px\">Nasze nap\u0119dy, takie jak AM75 lub AM68, s\u0105 kompatybilne z popularnymi systemami smart, takimi jak KNX, Grenton, Ampio, Tuya, Fibaro, co umo\u017cliwia tak\u017ce sterowanie g\u0142osowe. Jako producent karniszy elektrycznych, jeste\u015bmy elastyczni je\u015bli chodzi o terminy realizacji. Zam\u00f3wienia mo\u017cna sk\u0142ada\u0107 online w naszym sklepie internetowym, a tak\u017ce skorzysta\u0107 z opcji monta\u017cu w Krakowie i okolicach Krakowa. Zach\u0119camy do przesy\u0142ania zapyta\u0144, a my przygotujemy dla Ciebie indywidualn\u0105 wycen\u0119. Odkryj nowoczesne i funkcjonalne rozwi\u0105zania z naszymi karniszami Torro.<\/p>\n\n\n\n<div class=\"wp-block-buttons is-layout-flex wp-block-buttons-is-layout-flex\">\n<div class=\"wp-block-button is-style-fill\"><a class=\"wp-block-button__link has-text-color has-background wp-element-button\" href=\"https:\/\/okarnisze.pl\" title=\"Karnisze elektryczne online\" style=\"color:#000000;background-color:#00000057\">Kliknij i zam\u00f3w online<\/a><\/div>\n\n\n\n<div class=\"wp-block-button is-style-fill\"><a class=\"wp-block-button__link has-text-color has-background wp-element-button\" href=\"tel:+48667057777\" style=\"color:#000000;background-color:#00000057\">Zapytaj +48 667 057 777<\/a><\/div>\n\n\n\n<div class=\"wp-block-button is-style-fill\"><a class=\"wp-block-button__link has-text-color has-background wp-element-button\" href=\"https:\/\/okarnisze.pl\/karnisze-elektryczne-producent\" title=\"Jaka jest cena karniszy elektrycznych?\" style=\"color:#000000;background-color:#00000057\">Zam\u00f3w karnisz elektryczny &#8211; cena od 659 z\u0142<\/a><\/div>\n<\/div>\n<\/div><\/div>\n\n\n\n<div class=\"wp-block-cover alignfull has-parallax\" style=\"min-height:100vh;aspect-ratio:unset;\"><div role=\"img\" aria-label=\"\u017baluzje drewniane elektryczne\" class=\"wp-block-cover__image-background wp-image-75 has-parallax\" style=\"background-position:50% 50%;background-image:url(https:\/\/karniszekrakow.pl\/wp-content\/uploads\/2024\/07\/zaluzje-drewniane-elektryczne.webp)\"><\/div><span aria-hidden=\"true\" class=\"wp-block-cover__background has-background-dim-40 has-background-dim\" style=\"background-color:#000000\"><\/span><div class=\"wp-block-cover__inner-container is-layout-flow wp-block-cover-is-layout-flow\">\n<h2 class=\"wp-block-heading alignwide has-white-color has-text-color\" style=\"font-size:25px;line-height:1.2\">Mo\u017ce \u017caluzje elektryczne?<\/h2>\n\n\n\n<div class=\"wp-block-columns alignwide is-layout-flex wp-container-core-columns-is-layout-9d6595d7 wp-block-columns-is-layout-flex\">\n<div class=\"wp-block-column is-layout-flow wp-block-column-is-layout-flow\" style=\"flex-basis:60%\">\n<p class=\"has-theme-palette-9-color has-text-color has-link-color wp-elements-613e70e733f42135759a038470e88d8f\" style=\"font-size:19px\">Je\u017celi szukasz innych os\u0142on okiennych z nap\u0119dem elektrycznym, to mamy w ofercie. Nasza to oferta to szeroki wyb\u00f3r \u017caluzji drewnianych elektrycznych, ale tak\u017ce rolet zewn\u0119trznych z nap\u0119dem, rolet materia\u0142owych, rolet rzymskich, a tak\u017ce pergole i markizy. Jeste\u015bmy <a title=\"Producent karniszy Warszawa\" href=\"https:\/\/twojekarnisze.pl\">producentem karniszy elektrycznych<\/a>, dzi\u0119ki temu \u017ce jeste\u015bmy nie du\u017c\u0105 firm\u0105 mo\u017cemy by\u0107 elastyczni. Dbamy o to aby nasze produkty by\u0142y dok\u0142adnie wykonane i dostarczone zgodnie z ustaleniami. Systemy nap\u0119d\u00f3w do os\u0142on okiennych stale si\u0119 rozwijaj\u0105, ale ju\u017c dzi\u015b s\u0105 to produkty kt\u00f3re s\u0105 kompatybilne z awansowanymi systemami smart takimi jak Grenton, Knx lub ampio. Posiadamy tak\u017ce do\u015bwiadczenie w monta\u017cu <a title=\"Karnisze i zas\u0142ony hotelowe\" href=\"https:\/\/ozaslony.pl\">karniszy i zas\u0142on hotelowyc<\/a>h. Tego typu rozwi\u0105zania nie r\u00f3\u017cni\u0105 si\u0119 znacz\u0105co od tych domowych, ale jednak podej\u015bcie do takich realizacji wymaga do\u015bwiadczenia.<\/p>\n<\/div>\n\n\n\n<div class=\"wp-block-column is-layout-flow wp-block-column-is-layout-flow\"><div class=\"wp-block-image\">\n<figure class=\"aligncenter size-medium\"><img loading=\"lazy\" decoding=\"async\" width=\"123\" height=\"300\" src=\"https:\/\/karniszekrakow.pl\/wp-content\/uploads\/2024\/07\/zaslony-na-pilota-warszawa-123x300.webp\" alt=\"Karnisze na pilota Krak\u00f3w\" class=\"wp-image-89\" srcset=\"https:\/\/karniszekrakow.pl\/wp-content\/uploads\/2024\/07\/zaslony-na-pilota-warszawa-123x300.webp 123w, https:\/\/karniszekrakow.pl\/wp-content\/uploads\/2024\/07\/zaslony-na-pilota-warszawa.webp 400w\" sizes=\"auto, (max-width: 123px) 100vw, 123px\" \/><\/figure>\n<\/div><\/div>\n<\/div>\n<\/div><\/div>\n","protected":false},"excerpt":{"rendered":"","protected":false},"author":1,"featured_media":0,"parent":0,"menu_order":0,"comment_status":"closed","ping_status":"closed","template":"","meta":{"_kad_post_transparent":"enable","_kad_post_title":"hide","_kad_post_layout":"fullwidth","_kad_post_sidebar_id":"","_kad_post_content_style":"unboxed","_kad_post_vertical_padding":"","_kad_post_feature":"","_kad_post_feature_position":"","_kad_post_header":false,"_kad_post_footer":true,"_kad_post_classname":"","footnotes":""},"class_list":["post-6","page","type-page","status-publish","hentry"],"yoast_head":"<!-- This site is optimized with the Yoast SEO plugin v27.6 - https:\/\/yoast.com\/product\/yoast-seo-wordpress\/ -->\n<title>Karnisze elektryczne Krak\u00f3w<\/title>\n<meta name=\"description\" content=\"Karnisze elektryczne Krak\u00f3w na wymiar z monta\u017cem w Krakowie. Oferujemy karnisze torro Wifi smart. Producent karniszy elektrycznych z nap\u0119dem\" \/>\n<meta name=\"robots\" content=\"index, follow, max-snippet:-1, max-image-preview:large, max-video-preview:-1\" \/>\n<link rel=\"canonical\" href=\"https:\/\/karniszekrakow.pl\/\" \/>\n<meta property=\"og:locale\" content=\"pl_PL\" \/>\n<meta property=\"og:type\" content=\"article\" \/>\n<meta property=\"og:title\" content=\"Karnisze elektryczne Krak\u00f3w\" \/>\n<meta property=\"og:description\" content=\"Karnisze elektryczne Krak\u00f3w na wymiar z monta\u017cem w Krakowie. Oferujemy karnisze torro Wifi smart. Producent karniszy elektrycznych z nap\u0119dem\" \/>\n<meta property=\"og:url\" content=\"https:\/\/karniszekrakow.pl\/\" \/>\n<meta property=\"og:site_name\" content=\"Karnisze elektryczne Krak\u00f3w\" \/>\n<meta property=\"article:modified_time\" content=\"2026-02-21T03:19:03+00:00\" \/>\n<meta property=\"og:image\" content=\"http:\/\/karniszekrakow.pl\/wp-content\/uploads\/2024\/07\/zaslony-na-pilota-warszawa-123x300.webp\" \/>\n<meta name=\"twitter:card\" content=\"summary_large_image\" \/>\n<meta name=\"twitter:label1\" content=\"Szacowany czas czytania\" \/>\n\t<meta name=\"twitter:data1\" content=\"3 minuty\" \/>\n<script type=\"application\/ld+json\" class=\"yoast-schema-graph\">{\"@context\":\"https:\\\/\\\/schema.org\",\"@graph\":[{\"@type\":\"WebPage\",\"@id\":\"https:\\\/\\\/karniszekrakow.pl\\\/\",\"url\":\"https:\\\/\\\/karniszekrakow.pl\\\/\",\"name\":\"Karnisze elektryczne Krak\u00f3w\",\"isPartOf\":{\"@id\":\"https:\\\/\\\/karniszekrakow.pl\\\/#website\"},\"primaryImageOfPage\":{\"@id\":\"https:\\\/\\\/karniszekrakow.pl\\\/#primaryimage\"},\"image\":{\"@id\":\"https:\\\/\\\/karniszekrakow.pl\\\/#primaryimage\"},\"thumbnailUrl\":\"http:\\\/\\\/karniszekrakow.pl\\\/wp-content\\\/uploads\\\/2024\\\/07\\\/zaslony-na-pilota-warszawa-123x300.webp\",\"datePublished\":\"2024-01-10T15:27:38+00:00\",\"dateModified\":\"2026-02-21T03:19:03+00:00\",\"description\":\"Karnisze elektryczne Krak\u00f3w na wymiar z monta\u017cem w Krakowie. Oferujemy karnisze torro Wifi smart. Producent karniszy elektrycznych z nap\u0119dem\",\"breadcrumb\":{\"@id\":\"https:\\\/\\\/karniszekrakow.pl\\\/#breadcrumb\"},\"inLanguage\":\"pl-PL\",\"potentialAction\":[{\"@type\":\"ReadAction\",\"target\":[\"https:\\\/\\\/karniszekrakow.pl\\\/\"]}]},{\"@type\":\"ImageObject\",\"inLanguage\":\"pl-PL\",\"@id\":\"https:\\\/\\\/karniszekrakow.pl\\\/#primaryimage\",\"url\":\"http:\\\/\\\/karniszekrakow.pl\\\/wp-content\\\/uploads\\\/2024\\\/07\\\/zaslony-na-pilota-warszawa-123x300.webp\",\"contentUrl\":\"http:\\\/\\\/karniszekrakow.pl\\\/wp-content\\\/uploads\\\/2024\\\/07\\\/zaslony-na-pilota-warszawa-123x300.webp\"},{\"@type\":\"BreadcrumbList\",\"@id\":\"https:\\\/\\\/karniszekrakow.pl\\\/#breadcrumb\",\"itemListElement\":[{\"@type\":\"ListItem\",\"position\":1,\"name\":\"Strona g\u0142\u00f3wna\",\"item\":\"https:\\\/\\\/karniszekrakow.pl\\\/\"},{\"@type\":\"ListItem\",\"position\":2,\"name\":\"Strona g\u0142\u00f3wna\"}]},{\"@type\":\"WebSite\",\"@id\":\"https:\\\/\\\/karniszekrakow.pl\\\/#website\",\"url\":\"https:\\\/\\\/karniszekrakow.pl\\\/\",\"name\":\"Karnisze elektryczne Krak\u00f3w\",\"description\":\"\",\"publisher\":{\"@id\":\"https:\\\/\\\/karniszekrakow.pl\\\/#organization\"},\"potentialAction\":[{\"@type\":\"SearchAction\",\"target\":{\"@type\":\"EntryPoint\",\"urlTemplate\":\"https:\\\/\\\/karniszekrakow.pl\\\/?s={search_term_string}\"},\"query-input\":{\"@type\":\"PropertyValueSpecification\",\"valueRequired\":true,\"valueName\":\"search_term_string\"}}],\"inLanguage\":\"pl-PL\"},{\"@type\":\"Organization\",\"@id\":\"https:\\\/\\\/karniszekrakow.pl\\\/#organization\",\"name\":\"Karnisze elektryczne Krak\u00f3w\",\"url\":\"https:\\\/\\\/karniszekrakow.pl\\\/\",\"logo\":{\"@type\":\"ImageObject\",\"inLanguage\":\"pl-PL\",\"@id\":\"https:\\\/\\\/karniszekrakow.pl\\\/#\\\/schema\\\/logo\\\/image\\\/\",\"url\":\"https:\\\/\\\/karniszekrakow.pl\\\/wp-content\\\/uploads\\\/2024\\\/01\\\/cropped-karnisze-wroclaw.webp\",\"contentUrl\":\"https:\\\/\\\/karniszekrakow.pl\\\/wp-content\\\/uploads\\\/2024\\\/01\\\/cropped-karnisze-wroclaw.webp\",\"width\":300,\"height\":62,\"caption\":\"Karnisze elektryczne Krak\u00f3w\"},\"image\":{\"@id\":\"https:\\\/\\\/karniszekrakow.pl\\\/#\\\/schema\\\/logo\\\/image\\\/\"}}]}<\/script>\n<!-- \/ Yoast SEO plugin. -->","yoast_head_json":{"title":"Karnisze elektryczne Krak\u00f3w","description":"Karnisze elektryczne Krak\u00f3w na wymiar z monta\u017cem w Krakowie. Oferujemy karnisze torro Wifi smart. Producent karniszy elektrycznych z nap\u0119dem","robots":{"index":"index","follow":"follow","max-snippet":"max-snippet:-1","max-image-preview":"max-image-preview:large","max-video-preview":"max-video-preview:-1"},"canonical":"https:\/\/karniszekrakow.pl\/","og_locale":"pl_PL","og_type":"article","og_title":"Karnisze elektryczne Krak\u00f3w","og_description":"Karnisze elektryczne Krak\u00f3w na wymiar z monta\u017cem w Krakowie. Oferujemy karnisze torro Wifi smart. Producent karniszy elektrycznych z nap\u0119dem","og_url":"https:\/\/karniszekrakow.pl\/","og_site_name":"Karnisze elektryczne Krak\u00f3w","article_modified_time":"2026-02-21T03:19:03+00:00","og_image":[{"url":"http:\/\/karniszekrakow.pl\/wp-content\/uploads\/2024\/07\/zaslony-na-pilota-warszawa-123x300.webp","type":"","width":"","height":""}],"twitter_card":"summary_large_image","twitter_misc":{"Szacowany czas czytania":"3 minuty"},"schema":{"@context":"https:\/\/schema.org","@graph":[{"@type":"WebPage","@id":"https:\/\/karniszekrakow.pl\/","url":"https:\/\/karniszekrakow.pl\/","name":"Karnisze elektryczne Krak\u00f3w","isPartOf":{"@id":"https:\/\/karniszekrakow.pl\/#website"},"primaryImageOfPage":{"@id":"https:\/\/karniszekrakow.pl\/#primaryimage"},"image":{"@id":"https:\/\/karniszekrakow.pl\/#primaryimage"},"thumbnailUrl":"http:\/\/karniszekrakow.pl\/wp-content\/uploads\/2024\/07\/zaslony-na-pilota-warszawa-123x300.webp","datePublished":"2024-01-10T15:27:38+00:00","dateModified":"2026-02-21T03:19:03+00:00","description":"Karnisze elektryczne Krak\u00f3w na wymiar z monta\u017cem w Krakowie. Oferujemy karnisze torro Wifi smart. Producent karniszy elektrycznych z nap\u0119dem","breadcrumb":{"@id":"https:\/\/karniszekrakow.pl\/#breadcrumb"},"inLanguage":"pl-PL","potentialAction":[{"@type":"ReadAction","target":["https:\/\/karniszekrakow.pl\/"]}]},{"@type":"ImageObject","inLanguage":"pl-PL","@id":"https:\/\/karniszekrakow.pl\/#primaryimage","url":"http:\/\/karniszekrakow.pl\/wp-content\/uploads\/2024\/07\/zaslony-na-pilota-warszawa-123x300.webp","contentUrl":"http:\/\/karniszekrakow.pl\/wp-content\/uploads\/2024\/07\/zaslony-na-pilota-warszawa-123x300.webp"},{"@type":"BreadcrumbList","@id":"https:\/\/karniszekrakow.pl\/#breadcrumb","itemListElement":[{"@type":"ListItem","position":1,"name":"Strona g\u0142\u00f3wna","item":"https:\/\/karniszekrakow.pl\/"},{"@type":"ListItem","position":2,"name":"Strona g\u0142\u00f3wna"}]},{"@type":"WebSite","@id":"https:\/\/karniszekrakow.pl\/#website","url":"https:\/\/karniszekrakow.pl\/","name":"Karnisze elektryczne Krak\u00f3w","description":"","publisher":{"@id":"https:\/\/karniszekrakow.pl\/#organization"},"potentialAction":[{"@type":"SearchAction","target":{"@type":"EntryPoint","urlTemplate":"https:\/\/karniszekrakow.pl\/?s={search_term_string}"},"query-input":{"@type":"PropertyValueSpecification","valueRequired":true,"valueName":"search_term_string"}}],"inLanguage":"pl-PL"},{"@type":"Organization","@id":"https:\/\/karniszekrakow.pl\/#organization","name":"Karnisze elektryczne Krak\u00f3w","url":"https:\/\/karniszekrakow.pl\/","logo":{"@type":"ImageObject","inLanguage":"pl-PL","@id":"https:\/\/karniszekrakow.pl\/#\/schema\/logo\/image\/","url":"https:\/\/karniszekrakow.pl\/wp-content\/uploads\/2024\/01\/cropped-karnisze-wroclaw.webp","contentUrl":"https:\/\/karniszekrakow.pl\/wp-content\/uploads\/2024\/01\/cropped-karnisze-wroclaw.webp","width":300,"height":62,"caption":"Karnisze elektryczne Krak\u00f3w"},"image":{"@id":"https:\/\/karniszekrakow.pl\/#\/schema\/logo\/image\/"}}]}},"_links":{"self":[{"href":"https:\/\/karniszekrakow.pl\/index.php\/wp-json\/wp\/v2\/pages\/6","targetHints":{"allow":["GET"]}}],"collection":[{"href":"https:\/\/karniszekrakow.pl\/index.php\/wp-json\/wp\/v2\/pages"}],"about":[{"href":"https:\/\/karniszekrakow.pl\/index.php\/wp-json\/wp\/v2\/types\/page"}],"author":[{"embeddable":true,"href":"https:\/\/karniszekrakow.pl\/index.php\/wp-json\/wp\/v2\/users\/1"}],"replies":[{"embeddable":true,"href":"https:\/\/karniszekrakow.pl\/index.php\/wp-json\/wp\/v2\/comments?post=6"}],"version-history":[{"count":25,"href":"https:\/\/karniszekrakow.pl\/index.php\/wp-json\/wp\/v2\/pages\/6\/revisions"}],"predecessor-version":[{"id":111,"href":"https:\/\/karniszekrakow.pl\/index.php\/wp-json\/wp\/v2\/pages\/6\/revisions\/111"}],"wp:attachment":[{"href":"https:\/\/karniszekrakow.pl\/index.php\/wp-json\/wp\/v2\/media?parent=6"}],"curies":[{"name":"wp","href":"https:\/\/api.w.org\/{rel}","templated":true}]}}